{"id":3181,"date":"2023-11-12T22:39:26","date_gmt":"2023-11-12T21:39:26","guid":{"rendered":"http:\/\/crimecityrollers.com\/?page_id=3181"},"modified":"2025-04-29T19:46:31","modified_gmt":"2025-04-29T17:46:31","slug":"malmo","status":"publish","type":"page","link":"https:\/\/crimecityrollers.com\/?page_id=3181","title":{"rendered":"MALM\u00d6"},"content":{"rendered":"\n<p>We are based in Malm\u00f6 in the south of Sweden, close to Copenhagen. Malm\u00f6 has the largest number of restaurants per capita in all of Sweden, and we are the proud self-exclaimed capital of falafel in Sweden. <\/p>\n\n\n\n<h2 class=\"wp-block-heading\">Map<\/h2>\n\n\n<p><iframe loading=\"lazy\" style=\"border: 0;\" src=\"https:\/\/www.google.com\/maps\/embed?pb=!1m18!1m12!1m3!1d2254.829012611273!2d13.022654377557172!3d55.5875844047039!2m3!1f0!2f0!3f0!3m2!1i1024!2i768!4f13.1!3m3!1m2!1s0x4653a16f43fabf77%3A0x163ebe8e9809afda!2sCrime%20City%20Rollers!5e0!3m2!1sen!2sse!4v1699824131748!5m2!1sen!2sse\" width=\"600\" height=\"450\" allowfullscreen=\"allowfullscreen\"><\/iframe><\/p>\n\n\n<h2 class=\"wp-block-heading\">How to get around<\/h2>\n\n\n\n<p>Getting around Malm\u00f6 is relatively easy. Public transport is available through <a href=\"https:\/\/www.skanetrafiken.se\/\" data-type=\"link\" data-id=\"https:\/\/www.skanetrafiken.se\/\" target=\"_blank\" rel=\"noreferrer noopener\"><strong>Sk\u00e5netrafiken<\/strong><\/a>, and to get to Crime City Hall the closest bus stops are<strong> Malm\u00f6 Annelund <\/strong>or <strong>Malm\u00f6 Ystadsgatan<\/strong>. You can also take the train from Malm\u00f6 C or Malm\u00f6 Triangeln to <strong>Malm\u00f6 Roseng\u00e5rd<\/strong> and the hall is just a short walk from there. <\/p>\n\n\n\n<p>If you prefer to travel by bike, you can use <strong><a href=\"https:\/\/www.malmobybike.se\/en\" target=\"_blank\" rel=\"noreferrer noopener\">Malm\u00f6bybike<\/a> <\/strong>and use their app to find bike stations where you can pick up and park your bike. The closest Malm\u00f6bybike stop to the hall is by the Malm\u00f6 Roseng\u00e5rd train station.<\/p>\n","protected":false},"excerpt":{"rendered":"<p>We are based in Malm\u00f6 in the south of Sweden, close to Copenhagen. Malm\u00f6 has the largest number of restaurants per capita in all of Sweden, and we are the proud self-exclaimed capital of falafel in Sweden. Map How to get around Getting around Malm\u00f6 is relatively easy. Public transport is available through Sk\u00e5netrafiken, and &hellip;<\/p>\n<p class=\"read-more\"> <a class=\"\" href=\"https:\/\/crimecityrollers.com\/?page_id=3181\"> <span class=\"screen-reader-text\">MALM\u00d6<\/span> Read More &raquo;<\/a><\/p>\n","protected":false},"author":1,"featured_media":0,"parent":0,"menu_order":0,"comment_status":"closed","ping_status":"closed","template":"","meta":{"site-sidebar-layout":"default","site-content-layout":"","ast-site-content-layout":"default","site-content-style":"default","site-sidebar-style":"default","ast-global-header-display":"","ast-banner-title-visibility":"","ast-main-header-display":"","ast-hfb-above-header-display":"","ast-hfb-below-header-display":"","ast-hfb-mobile-header-display":"","site-post-title":"","ast-breadcrumbs-content":"","ast-featured-img":"","footer-sml-layout":"","theme-transparent-header-meta":"","adv-header-id-meta":"","stick-header-meta":"","header-above-stick-meta":"","header-main-stick-meta":"","header-below-stick-meta":"","astra-migrate-meta-layouts":"set","ast-page-background-enabled":"default","ast-page-background-meta":{"desktop":{"background-color":"var(--ast-global-color-4)","background-image":"","background-repeat":"repeat","background-position":"center center","background-size":"auto","background-attachment":"scroll","background-type":"","background-media":"","overlay-type":"","overlay-color":"","overlay-gradient":""},"tablet":{"background-color":"","background-image":"","background-repeat":"repeat","background-position":"center center","background-size":"auto","background-attachment":"scroll","background-type":"","background-media":"","overlay-type":"","overlay-color":"","overlay-gradient":""},"mobile":{"background-color":"","background-image":"","background-repeat":"repeat","background-position":"center center","background-size":"auto","background-attachment":"scroll","background-type":"","background-media":"","overlay-type":"","overlay-color":"","overlay-gradient":""}},"ast-content-background-meta":{"desktop":{"background-color":"var(--ast-global-color-5)","background-image":"","background-repeat":"repeat","background-position":"center center","background-size":"auto","background-attachment":"scroll","background-type":"","background-media":"","overlay-type":"","overlay-color":"","overlay-gradient":""},"tablet":{"background-color":"var(--ast-global-color-5)","background-image":"","background-repeat":"repeat","background-position":"center center","background-size":"auto","background-attachment":"scroll","background-type":"","background-media":"","overlay-type":"","overlay-color":"","overlay-gradient":""},"mobile":{"background-color":"var(--ast-global-color-5)","background-image":"","background-repeat":"repeat","background-position":"center center","background-size":"auto","background-attachment":"scroll","background-type":"","background-media":"","overlay-type":"","overlay-color":"","overlay-gradient":""}},"footnotes":""},"_links":{"self":[{"href":"https:\/\/crimecityrollers.com\/index.php?rest_route=\/wp\/v2\/pages\/3181"}],"collection":[{"href":"https:\/\/crimecityrollers.com\/index.php?rest_route=\/wp\/v2\/pages"}],"about":[{"href":"https:\/\/crimecityrollers.com\/index.php?rest_route=\/wp\/v2\/types\/page"}],"author":[{"embeddable":true,"href":"https:\/\/crimecityrollers.com\/index.php?rest_route=\/wp\/v2\/users\/1"}],"replies":[{"embeddable":true,"href":"https:\/\/crimecityrollers.com\/index.php?rest_route=%2Fwp%2Fv2%2Fcomments&post=3181"}],"version-history":[{"count":3,"href":"https:\/\/crimecityrollers.com\/index.php?rest_route=\/wp\/v2\/pages\/3181\/revisions"}],"predecessor-version":[{"id":3486,"href":"https:\/\/crimecityrollers.com\/index.php?rest_route=\/wp\/v2\/pages\/3181\/revisions\/3486"}],"wp:attachment":[{"href":"https:\/\/crimecityrollers.com\/index.php?rest_route=%2Fwp%2Fv2%2Fmedia&parent=3181"}],"curies":[{"name":"wp","href":"https:\/\/api.w.org\/{rel}","templated":true}]}}